{"id":3866,"date":"2025-11-13T10:23:48","date_gmt":"2025-11-13T10:23:48","guid":{"rendered":"https:\/\/www.lasmadrinasdelosseguros.com\/dev\/es\/?page_id=3866"},"modified":"2025-11-24T13:07:45","modified_gmt":"2025-11-24T13:07:45","slug":"gastos-funerarios-faq","status":"publish","type":"page","link":"https:\/\/madrinasinsurance.com\/es\/gastos-funerarios-faq\/","title":{"rendered":"Gastos Funerarios Faq"},"content":{"rendered":"\t\t<div data-elementor-type=\"wp-page\" data-elementor-id=\"3866\" class=\"elementor elementor-3866\" data-elementor-post-type=\"page\">\n\t\t\t\t<div class=\"elementor-element elementor-element-d3eccfa e-flex e-con-boxed e-con e-parent\" data-id=\"d3eccfa\" data-element_type=\"container\" data-settings=\"{&quot;background_background&quot;:&quot;classic&quot;}\">\n\t\t\t\t\t<div class=\"e-con-inner\">\n\t\t<div class=\"elementor-element elementor-element-f2f1c17 e-con-full e-flex e-con e-child\" data-id=\"f2f1c17\" data-element_type=\"container\">\n\t\t\t\t<div class=\"elementor-element elementor-element-7bc8e7b custTextWithUnderlinePeople custHerosecYelloLineStyleDoubleText elementor-widget elementor-widget-heading\" data-id=\"7bc8e7b\" data-element_type=\"widget\" data-widget_type=\"heading.default\">\n\t\t\t\t<div class=\"elementor-widget-container\">\n\t\t\t\t\t<h1 class=\"elementor-heading-title elementor-size-default\"> Gastos<br> Funerarios FAQ\n<span style=\"font-weight:600\"><\/span><\/h1>\t\t\t\t<\/div>\n\t\t\t\t<\/div>\n\t\t\t\t<\/div>\n\t\t\t\t\t<\/div>\n\t\t\t\t<\/div>\n\t\t<div class=\"elementor-element elementor-element-7aa91d8 e-flex e-con-boxed e-con e-parent\" data-id=\"7aa91d8\" data-element_type=\"container\">\n\t\t\t\t\t<div class=\"e-con-inner\">\n\t\t\t\t<div class=\"elementor-element elementor-element-bcccb6c elementor-widget elementor-widget-text-editor\" data-id=\"bcccb6c\" data-element_type=\"widget\" data-widget_type=\"text-editor.default\">\n\t\t\t\t<div class=\"elementor-widget-container\">\n\t\t\t\t\t\t\t\t\t<p class=\"p1\">Ninguna familia deber\u00eda enfrentar dificultades financieras en un momento de p\u00e9rdida. El seguro de gastos funerarios de Madrinas cubre los costos finales para que tus seres queridos puedan enfocarse en sanar, no en las facturas. Ofrecemos orientaci\u00f3n compasiva y opciones asequibles para que planificar sea m\u00e1s f\u00e1cil.<\/p>\t\t\t\t\t\t\t\t<\/div>\n\t\t\t\t<\/div>\n\t\t\t\t\t<\/div>\n\t\t\t\t<\/div>\n\t\t<div class=\"elementor-element elementor-element-db8c5b1 e-flex e-con-boxed e-con e-parent\" data-id=\"db8c5b1\" data-element_type=\"container\">\n\t\t\t\t\t<div class=\"e-con-inner\">\n\t\t<div class=\"elementor-element elementor-element-70d5716 e-con-full e-flex e-con e-child\" data-id=\"70d5716\" data-element_type=\"container\">\n\t\t\t\t<div class=\"elementor-element elementor-element-12e92d4 custTextWithUnderlinePeople elementor-widget elementor-widget-heading\" data-id=\"12e92d4\" data-element_type=\"widget\" data-widget_type=\"heading.default\">\n\t\t\t\t<div class=\"elementor-widget-container\">\n\t\t\t\t\t<h2 class=\"elementor-heading-title elementor-size-default\"><span class=\"custProtectHelth\">Preguntas Frecuentes (FAQ)<\/span><\/h2>\t\t\t\t<\/div>\n\t\t\t\t<\/div>\n\t\t\t\t<div class=\"elementor-element elementor-element-edaf66d elementor-widget elementor-widget-n-accordion\" data-id=\"edaf66d\" data-element_type=\"widget\" data-settings=\"{&quot;default_state&quot;:&quot;all_collapsed&quot;,&quot;max_items_expended&quot;:&quot;one&quot;,&quot;n_accordion_animation_duration&quot;:{&quot;unit&quot;:&quot;ms&quot;,&quot;size&quot;:400,&quot;sizes&quot;:[]}}\" data-widget_type=\"nested-accordion.default\">\n\t\t\t\t<div class=\"elementor-widget-container\">\n\t\t\t\t\t\t\t<div class=\"e-n-accordion\" aria-label=\"Accordion. Open links with Enter or Space, close with Escape, and navigate with Arrow Keys\">\n\t\t\t\t\t\t<details id=\"e-n-accordion-item-2490\" class=\"e-n-accordion-item\" >\n\t\t\t\t<summary class=\"e-n-accordion-item-title\" data-accordion-index=\"1\" tabindex=\"0\" aria-expanded=\"false\" aria-controls=\"e-n-accordion-item-2490\" >\n\t\t\t\t\t<span class='e-n-accordion-item-title-header'><div class=\"e-n-accordion-item-title-text\"> \u00bfQu\u00e9 es el seguro de gastos funerarios? <\/div><\/span>\n\t\t\t\t\t\t\t<span class='e-n-accordion-item-title-icon'>\n\t\t\t<span class='e-opened' ><svg aria-hidden=\"true\" class=\"e-font-icon-svg e-fas-minus\" viewBox=\"0 0 448 512\" xmlns=\"http:\/\/www.w3.org\/2000\/svg\"><path d=\"M416 208H32c-17.67 0-32 14.33-32 32v32c0 17.67 14.33 32 32 32h384c17.67 0 32-14.33 32-32v-32c0-17.67-14.33-32-32-32z\"><\/path><\/svg><\/span>\n\t\t\t<span class='e-closed'><svg aria-hidden=\"true\" class=\"e-font-icon-svg e-fas-plus\" viewBox=\"0 0 448 512\" xmlns=\"http:\/\/www.w3.org\/2000\/svg\"><path d=\"M416 208H272V64c0-17.67-14.33-32-32-32h-32c-17.67 0-32 14.33-32 32v144H32c-17.67 0-32 14.33-32 32v32c0 17.67 14.33 32 32 32h144v144c0 17.67 14.33 32 32 32h32c17.67 0 32-14.33 32-32V304h144c17.67 0 32-14.33 32-32v-32c0-17.67-14.33-32-32-32z\"><\/path><\/svg><\/span>\n\t\t<\/span>\n\n\t\t\t\t\t\t<\/summary>\n\t\t\t\t<div role=\"region\" aria-labelledby=\"e-n-accordion-item-2490\" class=\"elementor-element elementor-element-2dab767 e-con-full e-flex e-con e-child\" data-id=\"2dab767\" data-element_type=\"container\">\n\t\t\t\t<div class=\"elementor-element elementor-element-f5150d7 elementor-widget elementor-widget-text-editor\" data-id=\"f5150d7\" data-element_type=\"widget\" data-widget_type=\"text-editor.default\">\n\t\t\t\t<div class=\"elementor-widget-container\">\n\t\t\t\t\t\t\t\t\t<p class=\"p1\">Tambi\u00e9n conocido como <a href=\"https:\/\/madrinasinsurance.com\/es\/seguro-de-gastos-funerarios\/\"  data-wpil-monitor-id=\"75\">seguro de gastos finales<\/a>, cubre los costos del funeral y entierro.<\/p>\t\t\t\t\t\t\t\t<\/div>\n\t\t\t\t<\/div>\n\t\t\t\t<\/div>\n\t\t\t\t\t<\/details>\n\t\t\t\t\t\t<details id=\"e-n-accordion-item-2491\" class=\"e-n-accordion-item\" >\n\t\t\t\t<summary class=\"e-n-accordion-item-title\" data-accordion-index=\"2\" tabindex=\"-1\" aria-expanded=\"false\" aria-controls=\"e-n-accordion-item-2491\" >\n\t\t\t\t\t<span class='e-n-accordion-item-title-header'><div class=\"e-n-accordion-item-title-text\"> \u00bfQui\u00e9n deber\u00eda considerar este tipo de seguro? <\/div><\/span>\n\t\t\t\t\t\t\t<span class='e-n-accordion-item-title-icon'>\n\t\t\t<span class='e-opened' ><svg aria-hidden=\"true\" class=\"e-font-icon-svg e-fas-minus\" viewBox=\"0 0 448 512\" xmlns=\"http:\/\/www.w3.org\/2000\/svg\"><path d=\"M416 208H32c-17.67 0-32 14.33-32 32v32c0 17.67 14.33 32 32 32h384c17.67 0 32-14.33 32-32v-32c0-17.67-14.33-32-32-32z\"><\/path><\/svg><\/span>\n\t\t\t<span class='e-closed'><svg aria-hidden=\"true\" class=\"e-font-icon-svg e-fas-plus\" viewBox=\"0 0 448 512\" xmlns=\"http:\/\/www.w3.org\/2000\/svg\"><path d=\"M416 208H272V64c0-17.67-14.33-32-32-32h-32c-17.67 0-32 14.33-32 32v144H32c-17.67 0-32 14.33-32 32v32c0 17.67 14.33 32 32 32h144v144c0 17.67 14.33 32 32 32h32c17.67 0 32-14.33 32-32V304h144c17.67 0 32-14.33 32-32v-32c0-17.67-14.33-32-32-32z\"><\/path><\/svg><\/span>\n\t\t<\/span>\n\n\t\t\t\t\t\t<\/summary>\n\t\t\t\t<div role=\"region\" aria-labelledby=\"e-n-accordion-item-2491\" class=\"elementor-element elementor-element-fe40754 e-con-full e-flex e-con e-child\" data-id=\"fe40754\" data-element_type=\"container\">\n\t\t\t\t<div class=\"elementor-element elementor-element-118b6fc elementor-widget elementor-widget-text-editor\" data-id=\"118b6fc\" data-element_type=\"widget\" data-widget_type=\"text-editor.default\">\n\t\t\t\t<div class=\"elementor-widget-container\">\n\t\t\t\t\t\t\t\t\t<p class=\"p1\"><a href=\"https:\/\/madrinasinsurance.com\/es\/seguro-de-vida-protege-futuro-familia\/\"  data-wpil-monitor-id=\"350\">Cualquiera que desee aliviar la carga financiera<\/a> de sus seres queridos al fallecer.<\/p>\t\t\t\t\t\t\t\t<\/div>\n\t\t\t\t<\/div>\n\t\t\t\t<\/div>\n\t\t\t\t\t<\/details>\n\t\t\t\t\t\t<details id=\"e-n-accordion-item-2492\" class=\"e-n-accordion-item\" >\n\t\t\t\t<summary class=\"e-n-accordion-item-title\" data-accordion-index=\"3\" tabindex=\"-1\" aria-expanded=\"false\" aria-controls=\"e-n-accordion-item-2492\" >\n\t\t\t\t\t<span class='e-n-accordion-item-title-header'><div class=\"e-n-accordion-item-title-text\">  \u00bfCu\u00e1nta cobertura necesito? <\/div><\/span>\n\t\t\t\t\t\t\t<span class='e-n-accordion-item-title-icon'>\n\t\t\t<span class='e-opened' ><svg aria-hidden=\"true\" class=\"e-font-icon-svg e-fas-minus\" viewBox=\"0 0 448 512\" xmlns=\"http:\/\/www.w3.org\/2000\/svg\"><path d=\"M416 208H32c-17.67 0-32 14.33-32 32v32c0 17.67 14.33 32 32 32h384c17.67 0 32-14.33 32-32v-32c0-17.67-14.33-32-32-32z\"><\/path><\/svg><\/span>\n\t\t\t<span class='e-closed'><svg aria-hidden=\"true\" class=\"e-font-icon-svg e-fas-plus\" viewBox=\"0 0 448 512\" xmlns=\"http:\/\/www.w3.org\/2000\/svg\"><path d=\"M416 208H272V64c0-17.67-14.33-32-32-32h-32c-17.67 0-32 14.33-32 32v144H32c-17.67 0-32 14.33-32 32v32c0 17.67 14.33 32 32 32h144v144c0 17.67 14.33 32 32 32h32c17.67 0 32-14.33 32-32V304h144c17.67 0 32-14.33 32-32v-32c0-17.67-14.33-32-32-32z\"><\/path><\/svg><\/span>\n\t\t<\/span>\n\n\t\t\t\t\t\t<\/summary>\n\t\t\t\t<div role=\"region\" aria-labelledby=\"e-n-accordion-item-2492\" class=\"elementor-element elementor-element-f659aea e-con-full e-flex e-con e-child\" data-id=\"f659aea\" data-element_type=\"container\">\n\t\t\t\t<div class=\"elementor-element elementor-element-1be16df elementor-widget elementor-widget-text-editor\" data-id=\"1be16df\" data-element_type=\"widget\" data-widget_type=\"text-editor.default\">\n\t\t\t\t<div class=\"elementor-widget-container\">\n\t\t\t\t\t\t\t\t\t<p class=\"p1\">Los planes suelen variar entre $5,000 y $25,000, dependiendo del costo de los servicios funerarios.<\/p>\t\t\t\t\t\t\t\t<\/div>\n\t\t\t\t<\/div>\n\t\t\t\t<\/div>\n\t\t\t\t\t<\/details>\n\t\t\t\t\t\t<details id=\"e-n-accordion-item-2493\" class=\"e-n-accordion-item\" >\n\t\t\t\t<summary class=\"e-n-accordion-item-title\" data-accordion-index=\"4\" tabindex=\"-1\" aria-expanded=\"false\" aria-controls=\"e-n-accordion-item-2493\" >\n\t\t\t\t\t<span class='e-n-accordion-item-title-header'><div class=\"e-n-accordion-item-title-text\">  \u00bfSe requiere examen m\u00e9dico? <\/div><\/span>\n\t\t\t\t\t\t\t<span class='e-n-accordion-item-title-icon'>\n\t\t\t<span class='e-opened' ><svg aria-hidden=\"true\" class=\"e-font-icon-svg e-fas-minus\" viewBox=\"0 0 448 512\" xmlns=\"http:\/\/www.w3.org\/2000\/svg\"><path d=\"M416 208H32c-17.67 0-32 14.33-32 32v32c0 17.67 14.33 32 32 32h384c17.67 0 32-14.33 32-32v-32c0-17.67-14.33-32-32-32z\"><\/path><\/svg><\/span>\n\t\t\t<span class='e-closed'><svg aria-hidden=\"true\" class=\"e-font-icon-svg e-fas-plus\" viewBox=\"0 0 448 512\" xmlns=\"http:\/\/www.w3.org\/2000\/svg\"><path d=\"M416 208H272V64c0-17.67-14.33-32-32-32h-32c-17.67 0-32 14.33-32 32v144H32c-17.67 0-32 14.33-32 32v32c0 17.67 14.33 32 32 32h144v144c0 17.67 14.33 32 32 32h32c17.67 0 32-14.33 32-32V304h144c17.67 0 32-14.33 32-32v-32c0-17.67-14.33-32-32-32z\"><\/path><\/svg><\/span>\n\t\t<\/span>\n\n\t\t\t\t\t\t<\/summary>\n\t\t\t\t<div role=\"region\" aria-labelledby=\"e-n-accordion-item-2493\" class=\"elementor-element elementor-element-ea0a2d4 e-con-full e-flex e-con e-child\" data-id=\"ea0a2d4\" data-element_type=\"container\">\n\t\t\t\t<div class=\"elementor-element elementor-element-cfe5dab elementor-widget elementor-widget-text-editor\" data-id=\"cfe5dab\" data-element_type=\"widget\" data-widget_type=\"text-editor.default\">\n\t\t\t\t<div class=\"elementor-widget-container\">\n\t\t\t\t\t\t\t\t\t<p class=\"p1\">Muchos planes tienen un proceso simplificado y <a href=\"https:\/\/madrinasinsurance.com\/es\/seguro-de-vida-faq\/\"  data-wpil-monitor-id=\"255\">no requieren examen m\u00e9dico<\/a>.<\/p>\t\t\t\t\t\t\t\t<\/div>\n\t\t\t\t<\/div>\n\t\t\t\t<\/div>\n\t\t\t\t\t<\/details>\n\t\t\t\t\t\t<details id=\"e-n-accordion-item-2494\" class=\"e-n-accordion-item\" >\n\t\t\t\t<summary class=\"e-n-accordion-item-title\" data-accordion-index=\"5\" tabindex=\"-1\" aria-expanded=\"false\" aria-controls=\"e-n-accordion-item-2494\" >\n\t\t\t\t\t<span class='e-n-accordion-item-title-header'><div class=\"e-n-accordion-item-title-text\">  \u00bfQu\u00e9 tan r\u00e1pido se pagan los beneficios? <\/div><\/span>\n\t\t\t\t\t\t\t<span class='e-n-accordion-item-title-icon'>\n\t\t\t<span class='e-opened' ><svg aria-hidden=\"true\" class=\"e-font-icon-svg e-fas-minus\" viewBox=\"0 0 448 512\" xmlns=\"http:\/\/www.w3.org\/2000\/svg\"><path d=\"M416 208H32c-17.67 0-32 14.33-32 32v32c0 17.67 14.33 32 32 32h384c17.67 0 32-14.33 32-32v-32c0-17.67-14.33-32-32-32z\"><\/path><\/svg><\/span>\n\t\t\t<span class='e-closed'><svg aria-hidden=\"true\" class=\"e-font-icon-svg e-fas-plus\" viewBox=\"0 0 448 512\" xmlns=\"http:\/\/www.w3.org\/2000\/svg\"><path d=\"M416 208H272V64c0-17.67-14.33-32-32-32h-32c-17.67 0-32 14.33-32 32v144H32c-17.67 0-32 14.33-32 32v32c0 17.67 14.33 32 32 32h144v144c0 17.67 14.33 32 32 32h32c17.67 0 32-14.33 32-32V304h144c17.67 0 32-14.33 32-32v-32c0-17.67-14.33-32-32-32z\"><\/path><\/svg><\/span>\n\t\t<\/span>\n\n\t\t\t\t\t\t<\/summary>\n\t\t\t\t<div role=\"region\" aria-labelledby=\"e-n-accordion-item-2494\" class=\"elementor-element elementor-element-142dab7 e-con-full e-flex e-con e-child\" data-id=\"142dab7\" data-element_type=\"container\">\n\t\t\t\t<div class=\"elementor-element elementor-element-4484aad elementor-widget elementor-widget-text-editor\" data-id=\"4484aad\" data-element_type=\"widget\" data-widget_type=\"text-editor.default\">\n\t\t\t\t<div class=\"elementor-widget-container\">\n\t\t\t\t\t\t\t\t\t<p class=\"p1\">Los beneficios generalmente se pagan directamente al beneficiario en pocos d\u00edas.<\/p>\t\t\t\t\t\t\t\t<\/div>\n\t\t\t\t<\/div>\n\t\t\t\t<\/div>\n\t\t\t\t\t<\/details>\n\t\t\t\t\t\t<details id=\"e-n-accordion-item-2495\" class=\"e-n-accordion-item\" >\n\t\t\t\t<summary class=\"e-n-accordion-item-title\" data-accordion-index=\"6\" tabindex=\"-1\" aria-expanded=\"false\" aria-controls=\"e-n-accordion-item-2495\" >\n\t\t\t\t\t<span class='e-n-accordion-item-title-header'><div class=\"e-n-accordion-item-title-text\"> \u00bfPor qu\u00e9 elegir Madrinas para este tipo de cobertura? <\/div><\/span>\n\t\t\t\t\t\t\t<span class='e-n-accordion-item-title-icon'>\n\t\t\t<span class='e-opened' ><svg aria-hidden=\"true\" class=\"e-font-icon-svg e-fas-minus\" viewBox=\"0 0 448 512\" xmlns=\"http:\/\/www.w3.org\/2000\/svg\"><path d=\"M416 208H32c-17.67 0-32 14.33-32 32v32c0 17.67 14.33 32 32 32h384c17.67 0 32-14.33 32-32v-32c0-17.67-14.33-32-32-32z\"><\/path><\/svg><\/span>\n\t\t\t<span class='e-closed'><svg aria-hidden=\"true\" class=\"e-font-icon-svg e-fas-plus\" viewBox=\"0 0 448 512\" xmlns=\"http:\/\/www.w3.org\/2000\/svg\"><path d=\"M416 208H272V64c0-17.67-14.33-32-32-32h-32c-17.67 0-32 14.33-32 32v144H32c-17.67 0-32 14.33-32 32v32c0 17.67 14.33 32 32 32h144v144c0 17.67 14.33 32 32 32h32c17.67 0 32-14.33 32-32V304h144c17.67 0 32-14.33 32-32v-32c0-17.67-14.33-32-32-32z\"><\/path><\/svg><\/span>\n\t\t<\/span>\n\n\t\t\t\t\t\t<\/summary>\n\t\t\t\t<div role=\"region\" aria-labelledby=\"e-n-accordion-item-2495\" class=\"elementor-element elementor-element-83acc1e e-con-full e-flex e-con e-child\" data-id=\"83acc1e\" data-element_type=\"container\">\n\t\t\t\t<div class=\"elementor-element elementor-element-8378c36 elementor-widget elementor-widget-text-editor\" data-id=\"8378c36\" data-element_type=\"widget\" data-widget_type=\"text-editor.default\">\n\t\t\t\t<div class=\"elementor-widget-container\">\n\t\t\t\t\t\t\t\t\t<p class=\"p1\">Brindamos orientaci\u00f3n emp\u00e1tica y te ayudamos a elegir la cobertura adecuada de manera asequible.<\/p>\t\t\t\t\t\t\t\t<\/div>\n\t\t\t\t<\/div>\n\t\t\t\t<\/div>\n\t\t\t\t\t<\/details>\n\t\t\t\t\t<\/div>\n\t\t\t\t\t\t<\/div>\n\t\t\t\t<\/div>\n\t\t\t\t<\/div>\n\t\t\t\t\t<\/div>\n\t\t\t\t<\/div>\n\t\t<div class=\"elementor-element elementor-element-1fbc04b e-flex e-con-boxed e-con e-parent\" data-id=\"1fbc04b\" data-element_type=\"container\" data-settings=\"{&quot;background_background&quot;:&quot;classic&quot;}\">\n\t\t\t\t\t<div class=\"e-con-inner\">\n\t\t<div class=\"elementor-element elementor-element-13e0cbe e-con-full e-flex e-con e-child\" data-id=\"13e0cbe\" data-element_type=\"container\">\n\t\t\t\t<div class=\"elementor-element elementor-element-c1d3e19 elementor-widget elementor-widget-button\" data-id=\"c1d3e19\" data-element_type=\"widget\" data-widget_type=\"button.default\">\n\t\t\t\t<div class=\"elementor-widget-container\">\n\t\t\t\t\t\t\t\t\t<div class=\"elementor-button-wrapper\">\n\t\t\t\t\t<a class=\"elementor-button elementor-button-link elementor-size-sm\" href=\"tel:+18556237462\">\n\t\t\t\t\t\t<span class=\"elementor-button-content-wrapper\">\n\t\t\t\t\t\t\t\t\t<span class=\"elementor-button-text\">Alivia la Carga \u2013 Solicita una Cotizaci\u00f3n de Cobertura Funeraria Hoy<\/span>\n\t\t\t\t\t<\/span>\n\t\t\t\t\t<\/a>\n\t\t\t\t<\/div>\n\t\t\t\t\t\t\t\t<\/div>\n\t\t\t\t<\/div>\n\t\t\t\t<\/div>\n\t\t\t\t\t<\/div>\n\t\t\t\t<\/div>\n\t\t\t\t<\/div>\n\t\t","protected":false},"excerpt":{"rendered":"<p>Gastos Funerarios FAQ Ninguna familia deber\u00eda enfrentar dificultades financieras en un momento de p\u00e9rdida. El seguro de gastos funerarios de Madrinas cubre los costos finales para que tus seres queridos puedan enfocarse en sanar, no en las facturas. Ofrecemos orientaci\u00f3n compasiva y opciones asequibles para que planificar sea m\u00e1s f\u00e1cil. Preguntas Frecuentes (FAQ) \u00bfQu\u00e9 es [&hellip;]<\/p>\n","protected":false},"author":1,"featured_media":0,"parent":0,"menu_order":0,"comment_status":"closed","ping_status":"closed","template":"","meta":{"footnotes":""},"class_list":["post-3866","page","type-page","status-publish","hentry"],"yoast_head":"<!-- This site is optimized with the Yoast SEO plugin v25.3 - https:\/\/yoast.com\/wordpress\/plugins\/seo\/ -->\n<title>Seguro de Gastos Funerarios | Madrinas Insurance<\/title>\n<meta name=\"description\" content=\"Libera a tu familia del estr\u00e9s financiero con un seguro de gastos funerarios asequible. Madrinas Insurance ofrece opciones simples y accesibles.\" \/>\n<meta name=\"robots\" content=\"index, follow, max-snippet:-1, max-image-preview:large, max-video-preview:-1\" \/>\n<link rel=\"canonical\" href=\"https:\/\/madrinasinsurance.com\/es\/gastos-funerarios-faq\/\" \/>\n<meta property=\"og:locale\" content=\"en_US\" \/>\n<meta property=\"og:type\" content=\"article\" \/>\n<meta property=\"og:title\" content=\"Seguro de Gastos Funerarios | Madrinas Insurance\" \/>\n<meta property=\"og:description\" content=\"Libera a tu familia del estr\u00e9s financiero con un seguro de gastos funerarios asequible. Madrinas Insurance ofrece opciones simples y accesibles.\" \/>\n<meta property=\"og:url\" content=\"https:\/\/madrinasinsurance.com\/es\/gastos-funerarios-faq\/\" \/>\n<meta property=\"og:site_name\" content=\"Obamacare Health Plans\" \/>\n<meta property=\"article:modified_time\" content=\"2025-11-24T13:07:45+00:00\" \/>\n<meta name=\"twitter:card\" content=\"summary_large_image\" \/>\n<meta name=\"twitter:label1\" content=\"Est. reading time\" \/>\n\t<meta name=\"twitter:data1\" content=\"2 minutes\" \/>\n<script type=\"application\/ld+json\" class=\"yoast-schema-graph\">{\"@context\":\"https:\/\/schema.org\",\"@graph\":[{\"@type\":\"WebPage\",\"@id\":\"https:\/\/madrinasinsurance.com\/es\/gastos-funerarios-faq\/\",\"url\":\"https:\/\/madrinasinsurance.com\/es\/gastos-funerarios-faq\/\",\"name\":\"Seguro de Gastos Funerarios | Madrinas Insurance\",\"isPartOf\":{\"@id\":\"https:\/\/madrinasinsurance.com\/es\/#website\"},\"datePublished\":\"2025-11-13T10:23:48+00:00\",\"dateModified\":\"2025-11-24T13:07:45+00:00\",\"description\":\"Libera a tu familia del estr\u00e9s financiero con un seguro de gastos funerarios asequible. Madrinas Insurance ofrece opciones simples y accesibles.\",\"breadcrumb\":{\"@id\":\"https:\/\/madrinasinsurance.com\/es\/gastos-funerarios-faq\/#breadcrumb\"},\"inLanguage\":\"en-US\",\"potentialAction\":[{\"@type\":\"ReadAction\",\"target\":[\"https:\/\/madrinasinsurance.com\/es\/gastos-funerarios-faq\/\"]}]},{\"@type\":\"BreadcrumbList\",\"@id\":\"https:\/\/madrinasinsurance.com\/es\/gastos-funerarios-faq\/#breadcrumb\",\"itemListElement\":[{\"@type\":\"ListItem\",\"position\":1,\"name\":\"Home\",\"item\":\"https:\/\/madrinasinsurance.com\/es\/\"},{\"@type\":\"ListItem\",\"position\":2,\"name\":\"Gastos Funerarios Faq\"}]},{\"@type\":\"WebSite\",\"@id\":\"https:\/\/madrinasinsurance.com\/es\/#website\",\"url\":\"https:\/\/madrinasinsurance.com\/es\/\",\"name\":\"Obamacare Health Plans\",\"description\":\"\",\"publisher\":{\"@id\":\"https:\/\/madrinasinsurance.com\/es\/#organization\"},\"potentialAction\":[{\"@type\":\"SearchAction\",\"target\":{\"@type\":\"EntryPoint\",\"urlTemplate\":\"https:\/\/madrinasinsurance.com\/es\/?s={search_term_string}\"},\"query-input\":{\"@type\":\"PropertyValueSpecification\",\"valueRequired\":true,\"valueName\":\"search_term_string\"}}],\"inLanguage\":\"en-US\"},{\"@type\":\"Organization\",\"@id\":\"https:\/\/madrinasinsurance.com\/es\/#organization\",\"name\":\"Obamacare Health Plans\",\"url\":\"https:\/\/madrinasinsurance.com\/es\/\",\"logo\":{\"@type\":\"ImageObject\",\"inLanguage\":\"en-US\",\"@id\":\"https:\/\/madrinasinsurance.com\/es\/#\/schema\/logo\/image\/\",\"url\":\"https:\/\/madrinasinsurance.com\/es\/wp-content\/uploads\/2025\/06\/Logo-Madrinas-Insurance-Your-Health-Our_Purpose1.png\",\"contentUrl\":\"https:\/\/madrinasinsurance.com\/es\/wp-content\/uploads\/2025\/06\/Logo-Madrinas-Insurance-Your-Health-Our_Purpose1.png\",\"width\":270,\"height\":137,\"caption\":\"Obamacare Health Plans\"},\"image\":{\"@id\":\"https:\/\/madrinasinsurance.com\/es\/#\/schema\/logo\/image\/\"}}]}<\/script>\n<!-- \/ Yoast SEO plugin. -->","yoast_head_json":{"title":"Seguro de Gastos Funerarios | Madrinas Insurance","description":"Libera a tu familia del estr\u00e9s financiero con un seguro de gastos funerarios asequible. Madrinas Insurance ofrece opciones simples y accesibles.","robots":{"index":"index","follow":"follow","max-snippet":"max-snippet:-1","max-image-preview":"max-image-preview:large","max-video-preview":"max-video-preview:-1"},"canonical":"https:\/\/madrinasinsurance.com\/es\/gastos-funerarios-faq\/","og_locale":"en_US","og_type":"article","og_title":"Seguro de Gastos Funerarios | Madrinas Insurance","og_description":"Libera a tu familia del estr\u00e9s financiero con un seguro de gastos funerarios asequible. Madrinas Insurance ofrece opciones simples y accesibles.","og_url":"https:\/\/madrinasinsurance.com\/es\/gastos-funerarios-faq\/","og_site_name":"Obamacare Health Plans","article_modified_time":"2025-11-24T13:07:45+00:00","twitter_card":"summary_large_image","twitter_misc":{"Est. reading time":"2 minutes"},"schema":{"@context":"https:\/\/schema.org","@graph":[{"@type":"WebPage","@id":"https:\/\/madrinasinsurance.com\/es\/gastos-funerarios-faq\/","url":"https:\/\/madrinasinsurance.com\/es\/gastos-funerarios-faq\/","name":"Seguro de Gastos Funerarios | Madrinas Insurance","isPartOf":{"@id":"https:\/\/madrinasinsurance.com\/es\/#website"},"datePublished":"2025-11-13T10:23:48+00:00","dateModified":"2025-11-24T13:07:45+00:00","description":"Libera a tu familia del estr\u00e9s financiero con un seguro de gastos funerarios asequible. Madrinas Insurance ofrece opciones simples y accesibles.","breadcrumb":{"@id":"https:\/\/madrinasinsurance.com\/es\/gastos-funerarios-faq\/#breadcrumb"},"inLanguage":"en-US","potentialAction":[{"@type":"ReadAction","target":["https:\/\/madrinasinsurance.com\/es\/gastos-funerarios-faq\/"]}]},{"@type":"BreadcrumbList","@id":"https:\/\/madrinasinsurance.com\/es\/gastos-funerarios-faq\/#breadcrumb","itemListElement":[{"@type":"ListItem","position":1,"name":"Home","item":"https:\/\/madrinasinsurance.com\/es\/"},{"@type":"ListItem","position":2,"name":"Gastos Funerarios Faq"}]},{"@type":"WebSite","@id":"https:\/\/madrinasinsurance.com\/es\/#website","url":"https:\/\/madrinasinsurance.com\/es\/","name":"Obamacare Health Plans","description":"","publisher":{"@id":"https:\/\/madrinasinsurance.com\/es\/#organization"},"potentialAction":[{"@type":"SearchAction","target":{"@type":"EntryPoint","urlTemplate":"https:\/\/madrinasinsurance.com\/es\/?s={search_term_string}"},"query-input":{"@type":"PropertyValueSpecification","valueRequired":true,"valueName":"search_term_string"}}],"inLanguage":"en-US"},{"@type":"Organization","@id":"https:\/\/madrinasinsurance.com\/es\/#organization","name":"Obamacare Health Plans","url":"https:\/\/madrinasinsurance.com\/es\/","logo":{"@type":"ImageObject","inLanguage":"en-US","@id":"https:\/\/madrinasinsurance.com\/es\/#\/schema\/logo\/image\/","url":"https:\/\/madrinasinsurance.com\/es\/wp-content\/uploads\/2025\/06\/Logo-Madrinas-Insurance-Your-Health-Our_Purpose1.png","contentUrl":"https:\/\/madrinasinsurance.com\/es\/wp-content\/uploads\/2025\/06\/Logo-Madrinas-Insurance-Your-Health-Our_Purpose1.png","width":270,"height":137,"caption":"Obamacare Health Plans"},"image":{"@id":"https:\/\/madrinasinsurance.com\/es\/#\/schema\/logo\/image\/"}}]}},"_links":{"self":[{"href":"https:\/\/madrinasinsurance.com\/es\/wp-json\/wp\/v2\/pages\/3866","targetHints":{"allow":["GET"]}}],"collection":[{"href":"https:\/\/madrinasinsurance.com\/es\/wp-json\/wp\/v2\/pages"}],"about":[{"href":"https:\/\/madrinasinsurance.com\/es\/wp-json\/wp\/v2\/types\/page"}],"author":[{"embeddable":true,"href":"https:\/\/madrinasinsurance.com\/es\/wp-json\/wp\/v2\/users\/1"}],"replies":[{"embeddable":true,"href":"https:\/\/madrinasinsurance.com\/es\/wp-json\/wp\/v2\/comments?post=3866"}],"version-history":[{"count":17,"href":"https:\/\/madrinasinsurance.com\/es\/wp-json\/wp\/v2\/pages\/3866\/revisions"}],"predecessor-version":[{"id":5366,"href":"https:\/\/madrinasinsurance.com\/es\/wp-json\/wp\/v2\/pages\/3866\/revisions\/5366"}],"wp:attachment":[{"href":"https:\/\/madrinasinsurance.com\/es\/wp-json\/wp\/v2\/media?parent=3866"}],"curies":[{"name":"wp","href":"https:\/\/api.w.org\/{rel}","templated":true}]}}